{"id":20,"date":"2024-07-31T15:52:51","date_gmt":"2024-07-31T15:52:51","guid":{"rendered":"https:\/\/variedadesisa.shop\/services\/"},"modified":"2024-10-06T11:31:10","modified_gmt":"2024-10-06T17:31:10","slug":"services","status":"publish","type":"page","link":"https:\/\/variedadesisa.shop\/?page_id=20","title":{"rendered":"Eventos"},"content":{"rendered":"\t\t<div data-elementor-type=\"wp-page\" data-elementor-id=\"20\" class=\"elementor elementor-20\" data-elementor-post-type=\"page\">\n\t\t\t\t\t\t<section class=\"elementor-section elementor-top-section elementor-element elementor-element-1bd345a elementor-section-full_width elementor-section-stretched elementor-section-height-min-height elementor-section-content-middle elementor-section-height-default elementor-section-items-middle wpr-particle-no wpr-jarallax-no wpr-parallax-no wpr-sticky-section-no wpr-equal-height-no\" data-id=\"1bd345a\" data-element_type=\"section\" data-e-type=\"section\" data-settings=\"{&quot;background_background&quot;:&quot;gradient&quot;,&quot;stretch_section&quot;:&quot;section-stretched&quot;}\">\n\t\t\t\t\t\t<div class=\"elementor-container elementor-column-gap-no\">\n\t\t\t\t\t<div class=\"elementor-column elementor-col-33 elementor-top-column elementor-element elementor-element-7ce8b6b elementor-invisible\" data-id=\"7ce8b6b\" data-element_type=\"column\" data-e-type=\"column\" data-settings=\"{&quot;animation&quot;:&quot;fadeInLeft&quot;}\">\n\t\t\t<div class=\"elementor-widget-wrap\">\n\t\t\t\t\t\t\t<\/div>\n\t\t<\/div>\n\t\t\t\t<div class=\"elementor-column elementor-col-33 elementor-top-column elementor-element elementor-element-aa2edf9 elementor-invisible\" data-id=\"aa2edf9\" data-element_type=\"column\" data-e-type=\"column\" data-settings=\"{&quot;animation&quot;:&quot;fadeInRight&quot;}\">\n\t\t\t<div class=\"elementor-widget-wrap elementor-element-populated\">\n\t\t\t\t\t\t<div class=\"elementor-element elementor-element-6ebb457 elementor-widget elementor-widget-heading\" data-id=\"6ebb457\" data-element_type=\"widget\" data-e-type=\"widget\" data-widget_type=\"heading.default\">\n\t\t\t\t<div class=\"elementor-widget-container\">\n\t\t\t\t\t<h2 class=\"elementor-heading-title elementor-size-default\">Home - Eventos<\/h2>\t\t\t\t<\/div>\n\t\t\t\t<\/div>\n\t\t\t\t\t<\/div>\n\t\t<\/div>\n\t\t\t\t<div class=\"elementor-column elementor-col-33 elementor-top-column elementor-element elementor-element-b0f3a6e elementor-invisible\" data-id=\"b0f3a6e\" data-element_type=\"column\" data-e-type=\"column\" data-settings=\"{&quot;animation&quot;:&quot;fadeInRight&quot;}\">\n\t\t\t<div class=\"elementor-widget-wrap\">\n\t\t\t\t\t\t\t<\/div>\n\t\t<\/div>\n\t\t\t\t\t<\/div>\n\t\t<\/section>\n\t\t\t\t<section class=\"elementor-section elementor-top-section elementor-element elementor-element-f777037 elementor-section-full_width elementor-section-content-middle elementor-section-stretched elementor-section-height-default elementor-section-height-default wpr-particle-no wpr-jarallax-no wpr-parallax-no wpr-sticky-section-no wpr-equal-height-no elementor-invisible\" data-id=\"f777037\" data-element_type=\"section\" data-e-type=\"section\" data-settings=\"{&quot;background_background&quot;:&quot;classic&quot;,&quot;stretch_section&quot;:&quot;section-stretched&quot;,&quot;animation&quot;:&quot;lightSpeedIn&quot;}\">\n\t\t\t\t\t\t<div class=\"elementor-container elementor-column-gap-no\">\n\t\t\t\t\t<div class=\"elementor-column elementor-col-100 elementor-top-column elementor-element elementor-element-01772ca\" data-id=\"01772ca\" data-element_type=\"column\" data-e-type=\"column\">\n\t\t\t<div class=\"elementor-widget-wrap elementor-element-populated\">\n\t\t\t\t\t\t<div class=\"elementor-element elementor-element-4cd8345 elementor-widget elementor-widget-heading\" data-id=\"4cd8345\" data-element_type=\"widget\" data-e-type=\"widget\" data-widget_type=\"heading.default\">\n\t\t\t\t<div class=\"elementor-widget-container\">\n\t\t\t\t\t<h2 class=\"elementor-heading-title elementor-size-default\">Variedades Isa: Libera Tu Potencial Creativo<\/h2>\t\t\t\t<\/div>\n\t\t\t\t<\/div>\n\t\t\t\t<div class=\"elementor-element elementor-element-f0fcec4 elementor-widget elementor-widget-text-editor\" data-id=\"f0fcec4\" data-element_type=\"widget\" data-e-type=\"widget\" data-widget_type=\"text-editor.default\">\n\t\t\t\t<div class=\"elementor-widget-container\">\n\t\t\t\t\t\t\t\t\t<p>Inspirando creatividad, apoyando a artistas. Nuestro equipo est\u00e1 aqu\u00ed para ayudarte en tu viaje creativo.<\/p>\t\t\t\t\t\t\t\t<\/div>\n\t\t\t\t<\/div>\n\t\t\t\t\t<\/div>\n\t\t<\/div>\n\t\t\t\t\t<\/div>\n\t\t<\/section>\n\t\t\t\t<section class=\"elementor-section elementor-top-section elementor-element elementor-element-de36af1 elementor-section-full_width elementor-section-stretched elementor-section-height-default elementor-section-height-default wpr-particle-no wpr-jarallax-no wpr-parallax-no wpr-sticky-section-no wpr-equal-height-no\" data-id=\"de36af1\" data-element_type=\"section\" data-e-type=\"section\" data-settings=\"{&quot;background_background&quot;:&quot;classic&quot;,&quot;stretch_section&quot;:&quot;section-stretched&quot;}\">\n\t\t\t\t\t\t<div class=\"elementor-container elementor-column-gap-no\">\n\t\t\t\t\t<div class=\"elementor-column elementor-col-100 elementor-top-column elementor-element elementor-element-d4ef826\" data-id=\"d4ef826\" data-element_type=\"column\" data-e-type=\"column\">\n\t\t\t<div class=\"elementor-widget-wrap elementor-element-populated\">\n\t\t\t\t\t\t<section class=\"elementor-section elementor-inner-section elementor-element elementor-element-5facf2e elementor-section-boxed elementor-section-height-default elementor-section-height-default wpr-particle-no wpr-jarallax-no wpr-parallax-no wpr-sticky-section-no wpr-equal-height-no\" data-id=\"5facf2e\" data-element_type=\"section\" data-e-type=\"section\">\n\t\t\t\t\t\t<div class=\"elementor-container elementor-column-gap-no\">\n\t\t\t\t\t<div class=\"elementor-column elementor-col-100 elementor-inner-column elementor-element elementor-element-2cd6011\" data-id=\"2cd6011\" data-element_type=\"column\" data-e-type=\"column\">\n\t\t\t<div class=\"elementor-widget-wrap elementor-element-populated\">\n\t\t\t\t\t\t<div class=\"elementor-element elementor-element-fa3f9d1 animated-slow elementor-invisible elementor-widget elementor-widget-heading\" data-id=\"fa3f9d1\" data-element_type=\"widget\" data-e-type=\"widget\" data-settings=\"{&quot;_animation&quot;:&quot;fadeInUp&quot;}\" data-widget_type=\"heading.default\">\n\t\t\t\t<div class=\"elementor-widget-container\">\n\t\t\t\t\t<h2 class=\"elementor-heading-title elementor-size-default\">Nuevos retos<\/h2>\t\t\t\t<\/div>\n\t\t\t\t<\/div>\n\t\t\t\t<div class=\"elementor-element elementor-element-21d835e animated-slow elementor-invisible elementor-widget elementor-widget-heading\" data-id=\"21d835e\" data-element_type=\"widget\" data-e-type=\"widget\" data-settings=\"{&quot;_animation&quot;:&quot;fadeInUp&quot;}\" data-widget_type=\"heading.default\">\n\t\t\t\t<div class=\"elementor-widget-container\">\n\t\t\t\t\t<h2 class=\"elementor-heading-title elementor-size-default\">GALER\u00cdA<\/h2>\t\t\t\t<\/div>\n\t\t\t\t<\/div>\n\t\t\t\t\t<\/div>\n\t\t<\/div>\n\t\t\t\t\t<\/div>\n\t\t<\/section>\n\t\t\t\t<div class=\"elementor-element elementor-element-17c5179 elementor-invisible elementor-widget elementor-widget-image\" data-id=\"17c5179\" data-element_type=\"widget\" data-e-type=\"widget\" data-settings=\"{&quot;_animation&quot;:&quot;zoomIn&quot;}\" data-widget_type=\"image.default\">\n\t\t\t\t<div class=\"elementor-widget-container\">\n\t\t\t\t\t\t\t\t\t\t\t\t\t\t\t\t<a href=\"https:\/\/variedadesisa.shop\/wp-content\/uploads\/2024\/09\/PORTADA-COOP1.png\" data-elementor-open-lightbox=\"yes\" data-elementor-lightbox-title=\"PORTADA COOP1\" data-e-action-hash=\"#elementor-action%3Aaction%3Dlightbox%26settings%3DeyJpZCI6MTA2NiwidXJsIjoiaHR0cHM6XC9cL3ZhcmllZGFkZXNpc2Euc2hvcFwvd3AtY29udGVudFwvdXBsb2Fkc1wvMjAyNFwvMDlcL1BPUlRBREEtQ09PUDEucG5nIn0%3D\">\n\t\t\t\t\t\t\t<img fetchpriority=\"high\" decoding=\"async\" width=\"1404\" height=\"634\" src=\"https:\/\/variedadesisa.shop\/wp-content\/uploads\/2024\/09\/PORTADA-COOP1.png\" class=\"attachment-full size-full wp-image-1066\" alt=\"\" srcset=\"https:\/\/variedadesisa.shop\/wp-content\/uploads\/2024\/09\/PORTADA-COOP1.png 1404w, https:\/\/variedadesisa.shop\/wp-content\/uploads\/2024\/09\/PORTADA-COOP1-300x135.png 300w, https:\/\/variedadesisa.shop\/wp-content\/uploads\/2024\/09\/PORTADA-COOP1-1024x462.png 1024w, https:\/\/variedadesisa.shop\/wp-content\/uploads\/2024\/09\/PORTADA-COOP1-768x347.png 768w, https:\/\/variedadesisa.shop\/wp-content\/uploads\/2024\/09\/PORTADA-COOP1-80x36.png 80w, https:\/\/variedadesisa.shop\/wp-content\/uploads\/2024\/09\/PORTADA-COOP1-600x271.png 600w\" sizes=\"(max-width: 1404px) 100vw, 1404px\" \/>\t\t\t\t\t\t\t\t<\/a>\n\t\t\t\t\t\t\t\t\t\t\t\t\t\t\t<\/div>\n\t\t\t\t<\/div>\n\t\t\t\t<div class=\"elementor-element elementor-element-434194e gallery-spacing-custom elementor-invisible elementor-widget elementor-widget-image-gallery\" data-id=\"434194e\" data-element_type=\"widget\" data-e-type=\"widget\" data-settings=\"{&quot;_animation&quot;:&quot;fadeInUp&quot;}\" data-widget_type=\"image-gallery.default\">\n\t\t\t\t<div class=\"elementor-widget-container\">\n\t\t\t\t\t\t\t<div class=\"elementor-image-gallery\">\n\t\t\t<div id='gallery-1' class='gallery galleryid-20 gallery-columns-4 gallery-size-large'><figure class='gallery-item'>\n\t\t\t<div class='gallery-icon landscape'>\n\t\t\t\t<a data-elementor-open-lightbox=\"yes\" data-elementor-lightbox-slideshow=\"434194e\" data-elementor-lightbox-title=\"1\" data-e-action-hash=\"#elementor-action%3Aaction%3Dlightbox%26settings%3DeyJpZCI6MTA2NywidXJsIjoiaHR0cHM6XC9cL3ZhcmllZGFkZXNpc2Euc2hvcFwvd3AtY29udGVudFwvdXBsb2Fkc1wvMjAyNFwvMDlcLzEucG5nIiwic2xpZGVzaG93IjoiNDM0MTk0ZSJ9\" href='https:\/\/variedadesisa.shop\/wp-content\/uploads\/2024\/09\/1.png'><img decoding=\"async\" width=\"362\" height=\"260\" src=\"https:\/\/variedadesisa.shop\/wp-content\/uploads\/2024\/09\/1.png\" class=\"attachment-large size-large\" alt=\"\" aria-describedby=\"gallery-1-1067\" srcset=\"https:\/\/variedadesisa.shop\/wp-content\/uploads\/2024\/09\/1.png 362w, https:\/\/variedadesisa.shop\/wp-content\/uploads\/2024\/09\/1-300x215.png 300w, https:\/\/variedadesisa.shop\/wp-content\/uploads\/2024\/09\/1-80x57.png 80w\" sizes=\"(max-width: 362px) 100vw, 362px\" \/><\/a>\n\t\t\t<\/div>\n\t\t\t\t<figcaption class='wp-caption-text gallery-caption' id='gallery-1-1067'>\n\t\t\t\tCapacitaci\u00f3n Variedades ISA con la coop-1\n\t\t\t\t<\/figcaption><\/figure><figure class='gallery-item'>\n\t\t\t<div class='gallery-icon landscape'>\n\t\t\t\t<a data-elementor-open-lightbox=\"yes\" data-elementor-lightbox-slideshow=\"434194e\" data-elementor-lightbox-title=\"2\" data-e-action-hash=\"#elementor-action%3Aaction%3Dlightbox%26settings%3DeyJpZCI6MTA2OCwidXJsIjoiaHR0cHM6XC9cL3ZhcmllZGFkZXNpc2Euc2hvcFwvd3AtY29udGVudFwvdXBsb2Fkc1wvMjAyNFwvMDlcLzIucG5nIiwic2xpZGVzaG93IjoiNDM0MTk0ZSJ9\" href='https:\/\/variedadesisa.shop\/wp-content\/uploads\/2024\/09\/2.png'><img decoding=\"async\" width=\"362\" height=\"260\" src=\"https:\/\/variedadesisa.shop\/wp-content\/uploads\/2024\/09\/2.png\" class=\"attachment-large size-large\" alt=\"\" aria-describedby=\"gallery-1-1068\" srcset=\"https:\/\/variedadesisa.shop\/wp-content\/uploads\/2024\/09\/2.png 362w, https:\/\/variedadesisa.shop\/wp-content\/uploads\/2024\/09\/2-300x215.png 300w, https:\/\/variedadesisa.shop\/wp-content\/uploads\/2024\/09\/2-80x57.png 80w\" sizes=\"(max-width: 362px) 100vw, 362px\" \/><\/a>\n\t\t\t<\/div>\n\t\t\t\t<figcaption class='wp-caption-text gallery-caption' id='gallery-1-1068'>\n\t\t\t\tCapacitaci\u00f3n Variedades ISA con la coop-1\n\t\t\t\t<\/figcaption><\/figure><figure class='gallery-item'>\n\t\t\t<div class='gallery-icon landscape'>\n\t\t\t\t<a data-elementor-open-lightbox=\"yes\" data-elementor-lightbox-slideshow=\"434194e\" data-elementor-lightbox-title=\"3\" data-e-action-hash=\"#elementor-action%3Aaction%3Dlightbox%26settings%3DeyJpZCI6MTA2OSwidXJsIjoiaHR0cHM6XC9cL3ZhcmllZGFkZXNpc2Euc2hvcFwvd3AtY29udGVudFwvdXBsb2Fkc1wvMjAyNFwvMDlcLzMucG5nIiwic2xpZGVzaG93IjoiNDM0MTk0ZSJ9\" href='https:\/\/variedadesisa.shop\/wp-content\/uploads\/2024\/09\/3.png'><img loading=\"lazy\" decoding=\"async\" width=\"362\" height=\"260\" src=\"https:\/\/variedadesisa.shop\/wp-content\/uploads\/2024\/09\/3.png\" class=\"attachment-large size-large\" alt=\"\" aria-describedby=\"gallery-1-1069\" srcset=\"https:\/\/variedadesisa.shop\/wp-content\/uploads\/2024\/09\/3.png 362w, https:\/\/variedadesisa.shop\/wp-content\/uploads\/2024\/09\/3-300x215.png 300w, https:\/\/variedadesisa.shop\/wp-content\/uploads\/2024\/09\/3-80x57.png 80w\" sizes=\"(max-width: 362px) 100vw, 362px\" \/><\/a>\n\t\t\t<\/div>\n\t\t\t\t<figcaption class='wp-caption-text gallery-caption' id='gallery-1-1069'>\n\t\t\t\tCapacitaci\u00f3n Variedades ISA con la coop-1\n\t\t\t\t<\/figcaption><\/figure><figure class='gallery-item'>\n\t\t\t<div class='gallery-icon landscape'>\n\t\t\t\t<a data-elementor-open-lightbox=\"yes\" data-elementor-lightbox-slideshow=\"434194e\" data-elementor-lightbox-title=\"4\" data-e-action-hash=\"#elementor-action%3Aaction%3Dlightbox%26settings%3DeyJpZCI6MTA3MCwidXJsIjoiaHR0cHM6XC9cL3ZhcmllZGFkZXNpc2Euc2hvcFwvd3AtY29udGVudFwvdXBsb2Fkc1wvMjAyNFwvMDlcLzQucG5nIiwic2xpZGVzaG93IjoiNDM0MTk0ZSJ9\" href='https:\/\/variedadesisa.shop\/wp-content\/uploads\/2024\/09\/4.png'><img loading=\"lazy\" decoding=\"async\" width=\"362\" height=\"260\" src=\"https:\/\/variedadesisa.shop\/wp-content\/uploads\/2024\/09\/4.png\" class=\"attachment-large size-large\" alt=\"\" aria-describedby=\"gallery-1-1070\" srcset=\"https:\/\/variedadesisa.shop\/wp-content\/uploads\/2024\/09\/4.png 362w, https:\/\/variedadesisa.shop\/wp-content\/uploads\/2024\/09\/4-300x215.png 300w, https:\/\/variedadesisa.shop\/wp-content\/uploads\/2024\/09\/4-80x57.png 80w\" sizes=\"(max-width: 362px) 100vw, 362px\" \/><\/a>\n\t\t\t<\/div>\n\t\t\t\t<figcaption class='wp-caption-text gallery-caption' id='gallery-1-1070'>\n\t\t\t\tCapacitaci\u00f3n Variedades ISA con la coop-1\n\t\t\t\t<\/figcaption><\/figure>\n\t\t<\/div>\n\t\t<\/div>\n\t\t\t\t\t\t<\/div>\n\t\t\t\t<\/div>\n\t\t\t\t\t<\/div>\n\t\t<\/div>\n\t\t\t\t\t<\/div>\n\t\t<\/section>\n\t\t\t\t<\/div>\n\t\t","protected":false},"excerpt":{"rendered":"<p>Home &#8211; Eventos Variedades Isa: Libera Tu Potencial Creativo Inspirando creatividad, apoyando a artistas. Nuestro equipo est\u00e1 aqu\u00ed para ayudarte en tu viaje creativo. Nuevos retos GALER\u00cdA Capacitaci\u00f3n Variedades ISA con la coop-1 Capacitaci\u00f3n Variedades ISA con la coop-1 Capacitaci\u00f3n Variedades ISA con la coop-1 Capacitaci\u00f3n Variedades ISA con la coop-1<\/p>\n","protected":false},"author":1,"featured_media":0,"parent":0,"menu_order":0,"comment_status":"closed","ping_status":"closed","template":"elementor_header_footer","meta":{"site-sidebar-layout":"default","site-content-layout":"","ast-site-content-layout":"default","site-content-style":"default","site-sidebar-style":"default","ast-global-header-display":"","ast-banner-title-visibility":"","ast-main-header-display":"","ast-hfb-above-header-display":"","ast-hfb-below-header-display":"","ast-hfb-mobile-header-display":"","site-post-title":"","ast-breadcrumbs-content":"","ast-featured-img":"","footer-sml-layout":"","ast-disable-related-posts":"","theme-transparent-header-meta":"","adv-header-id-meta":"","stick-header-meta":"","header-above-stick-meta":"","header-main-stick-meta":"","header-below-stick-meta":"","astra-migrate-meta-layouts":"default","ast-page-background-enabled":"default","ast-page-background-meta":{"desktop":{"background-color":"var(--ast-global-color-4)","background-image":"","background-repeat":"repeat","background-position":"center center","background-size":"auto","background-attachment":"scroll","background-type":"","background-media":"","overlay-type":"","overlay-color":"","overlay-opacity":"","overlay-gradient":""},"tablet":{"background-color":"","background-image":"","background-repeat":"repeat","background-position":"center center","background-size":"auto","background-attachment":"scroll","background-type":"","background-media":"","overlay-type":"","overlay-color":"","overlay-opacity":"","overlay-gradient":""},"mobile":{"background-color":"","background-image":"","background-repeat":"repeat","background-position":"center center","background-size":"auto","background-attachment":"scroll","background-type":"","background-media":"","overlay-type":"","overlay-color":"","overlay-opacity":"","overlay-gradient":""}},"ast-content-background-meta":{"desktop":{"background-color":"var(--ast-global-color-5)","background-image":"","background-repeat":"repeat","background-position":"center center","background-size":"auto","background-attachment":"scroll","background-type":"","background-media":"","overlay-type":"","overlay-color":"","overlay-opacity":"","overlay-gradient":""},"tablet":{"background-color":"var(--ast-global-color-5)","background-image":"","background-repeat":"repeat","background-position":"center center","background-size":"auto","background-attachment":"scroll","background-type":"","background-media":"","overlay-type":"","overlay-color":"","overlay-opacity":"","overlay-gradient":""},"mobile":{"background-color":"var(--ast-global-color-5)","background-image":"","background-repeat":"repeat","background-position":"center center","background-size":"auto","background-attachment":"scroll","background-type":"","background-media":"","overlay-type":"","overlay-color":"","overlay-opacity":"","overlay-gradient":""}},"footnotes":""},"class_list":["post-20","page","type-page","status-publish","hentry"],"_links":{"self":[{"href":"https:\/\/variedadesisa.shop\/index.php?rest_route=\/wp\/v2\/pages\/20","targetHints":{"allow":["GET"]}}],"collection":[{"href":"https:\/\/variedadesisa.shop\/index.php?rest_route=\/wp\/v2\/pages"}],"about":[{"href":"https:\/\/variedadesisa.shop\/index.php?rest_route=\/wp\/v2\/types\/page"}],"author":[{"embeddable":true,"href":"https:\/\/variedadesisa.shop\/index.php?rest_route=\/wp\/v2\/users\/1"}],"replies":[{"embeddable":true,"href":"https:\/\/variedadesisa.shop\/index.php?rest_route=%2Fwp%2Fv2%2Fcomments&post=20"}],"version-history":[{"count":13,"href":"https:\/\/variedadesisa.shop\/index.php?rest_route=\/wp\/v2\/pages\/20\/revisions"}],"predecessor-version":[{"id":1283,"href":"https:\/\/variedadesisa.shop\/index.php?rest_route=\/wp\/v2\/pages\/20\/revisions\/1283"}],"wp:attachment":[{"href":"https:\/\/variedadesisa.shop\/index.php?rest_route=%2Fwp%2Fv2%2Fmedia&parent=20"}],"curies":[{"name":"wp","href":"https:\/\/api.w.org\/{rel}","templated":true}]}}