{"id":1334,"date":"2024-10-06T13:30:18","date_gmt":"2024-10-06T19:30:18","guid":{"rendered":"https:\/\/variedadesisa.shop\/?post_type=product&#038;p=1334"},"modified":"2024-11-30T16:48:19","modified_gmt":"2024-11-30T22:48:19","slug":"zipperes-para-falda","status":"publish","type":"product","link":"https:\/\/variedadesisa.shop\/?product=zipperes-para-falda","title":{"rendered":"ZIPPERES PARA FALDA"},"content":{"rendered":"<p><strong>carro #3, carro doble, ykk, nylon y poli\u00e9ster, 6 y 8 pulgadas, variedad de colores.<\/strong><br \/>\nDescubre nuestro zipper para falda, ideal para darle un toque profesional y pr\u00e1ctico a tus proyectos de confecci\u00f3n. Disponible en varios tama\u00f1os y colores, este cierre es f\u00e1cil de instalar y garantiza un ajuste perfecto. Perfecto para faldas, vestidos y m\u00e1s, es un accesorio imprescindible para cualquier costurera.<\/p>\n","protected":false},"excerpt":{"rendered":"<p>Descubre nuestro zipper para falda, ideal para darle un toque profesional y pr\u00e1ctico a tus proyectos de confecci\u00f3n. Disponible en varios tama\u00f1os y colores, este cierre es f\u00e1cil de instalar y garantiza un ajuste perfecto. Perfecto para faldas, vestidos y m\u00e1s, es un accesorio imprescindible para cualquier costurera.<\/p>\n","protected":false},"featured_media":1595,"comment_status":"open","ping_status":"closed","template":"","meta":{"site-sidebar-layout":"default","site-content-layout":"","ast-site-content-layout":"default","site-content-style":"default","site-sidebar-style":"default","ast-global-header-display":"","ast-banner-title-visibility":"","ast-main-header-display":"","ast-hfb-above-header-display":"","ast-hfb-below-header-display":"","ast-hfb-mobile-header-display":"","site-post-title":"","ast-breadcrumbs-content":"","ast-featured-img":"","footer-sml-layout":"","ast-disable-related-posts":"","theme-transparent-header-meta":"default","adv-header-id-meta":"","stick-header-meta":"","header-above-stick-meta":"","header-main-stick-meta":"","header-below-stick-meta":"","astra-migrate-meta-layouts":"set","ast-page-background-enabled":"default","ast-page-background-meta":{"desktop":{"background-color":"var(--ast-global-color-4)","background-image":"","background-repeat":"repeat","background-position":"center center","background-size":"auto","background-attachment":"scroll","background-type":"","background-media":"","overlay-type":"","overlay-color":"","overlay-opacity":"","overlay-gradient":""},"tablet":{"background-color":"","background-image":"","background-repeat":"repeat","background-position":"center center","background-size":"auto","background-attachment":"scroll","background-type":"","background-media":"","overlay-type":"","overlay-color":"","overlay-opacity":"","overlay-gradient":""},"mobile":{"background-color":"","background-image":"","background-repeat":"repeat","background-position":"center center","background-size":"auto","background-attachment":"scroll","background-type":"","background-media":"","overlay-type":"","overlay-color":"","overlay-opacity":"","overlay-gradient":""}},"ast-content-background-meta":{"desktop":{"background-color":"var(--ast-global-color-5)","background-image":"","background-repeat":"repeat","background-position":"center center","background-size":"auto","background-attachment":"scroll","background-type":"","background-media":"","overlay-type":"","overlay-color":"","overlay-opacity":"","overlay-gradient":""},"tablet":{"background-color":"var(--ast-global-color-5)","background-image":"","background-repeat":"repeat","background-position":"center center","background-size":"auto","background-attachment":"scroll","background-type":"","background-media":"","overlay-type":"","overlay-color":"","overlay-opacity":"","overlay-gradient":""},"mobile":{"background-color":"var(--ast-global-color-5)","background-image":"","background-repeat":"repeat","background-position":"center center","background-size":"auto","background-attachment":"scroll","background-type":"","background-media":"","overlay-type":"","overlay-color":"","overlay-opacity":"","overlay-gradient":""}}},"product_brand":[],"product_cat":[20,28],"product_tag":[],"class_list":{"0":"post-1334","1":"product","2":"type-product","3":"status-publish","4":"has-post-thumbnail","6":"product_cat-costura_variedades_isa","7":"product_cat-zipperes","8":"desktop-align-left","9":"tablet-align-left","10":"mobile-align-left","12":"first","13":"instock","14":"shipping-taxable","15":"purchasable","16":"product-type-simple"},"_links":{"self":[{"href":"https:\/\/variedadesisa.shop\/index.php?rest_route=\/wp\/v2\/product\/1334","targetHints":{"allow":["GET"]}}],"collection":[{"href":"https:\/\/variedadesisa.shop\/index.php?rest_route=\/wp\/v2\/product"}],"about":[{"href":"https:\/\/variedadesisa.shop\/index.php?rest_route=\/wp\/v2\/types\/product"}],"replies":[{"embeddable":true,"href":"https:\/\/variedadesisa.shop\/index.php?rest_route=%2Fwp%2Fv2%2Fcomments&post=1334"}],"version-history":[{"count":5,"href":"https:\/\/variedadesisa.shop\/index.php?rest_route=\/wp\/v2\/product\/1334\/revisions"}],"predecessor-version":[{"id":1596,"href":"https:\/\/variedadesisa.shop\/index.php?rest_route=\/wp\/v2\/product\/1334\/revisions\/1596"}],"wp:featuredmedia":[{"embeddable":true,"href":"https:\/\/variedadesisa.shop\/index.php?rest_route=\/wp\/v2\/media\/1595"}],"wp:attachment":[{"href":"https:\/\/variedadesisa.shop\/index.php?rest_route=%2Fwp%2Fv2%2Fmedia&parent=1334"}],"wp:term":[{"taxonomy":"product_brand","embeddable":true,"href":"https:\/\/variedadesisa.shop\/index.php?rest_route=%2Fwp%2Fv2%2Fproduct_brand&post=1334"},{"taxonomy":"product_cat","embeddable":true,"href":"https:\/\/variedadesisa.shop\/index.php?rest_route=%2Fwp%2Fv2%2Fproduct_cat&post=1334"},{"taxonomy":"product_tag","embeddable":true,"href":"https:\/\/variedadesisa.shop\/index.php?rest_route=%2Fwp%2Fv2%2Fproduct_tag&post=1334"}],"curies":[{"name":"wp","href":"https:\/\/api.w.org\/{rel}","templated":true}]}}