{"id":1624,"date":"2024-11-30T17:10:49","date_gmt":"2024-11-30T23:10:49","guid":{"rendered":"https:\/\/variedadesisa.shop\/?post_type=product&#038;p=1624"},"modified":"2024-11-30T17:10:49","modified_gmt":"2024-11-30T23:10:49","slug":"agujas-para-coser-a-mano-acero-inoxidable","status":"publish","type":"product","link":"https:\/\/variedadesisa.shop\/?product=agujas-para-coser-a-mano-acero-inoxidable","title":{"rendered":"AGUJAS PARA COSER A MANO-ACERO INOXIDABLE"},"content":{"rendered":"<p>Perfectas para todo tipo de proyectos, desde reparaciones r\u00e1pidas hasta bordados delicados. Resistentes, duraderas y f\u00e1ciles de manejar, estas agujas ofrecen precisi\u00f3n y suavidad al atravesar cualquier tela. Ideal para costureros profesionales y aficionados. \u00a1Haz que tus costuras brillen con calidad!&#8221;<\/p>\n","protected":false},"excerpt":{"rendered":"<p>Perfectas para todo tipo de proyectos, desde reparaciones r\u00e1pidas hasta bordados delicados. Resistentes, duraderas y f\u00e1ciles de manejar, estas agujas ofrecen precisi\u00f3n y suavidad al atravesar cualquier tela. Ideal para costureros profesionales y aficionados. \u00a1Haz que tus costuras brillen con calidad!&#8221;<\/p>\n","protected":false},"featured_media":1625,"comment_status":"open","ping_status":"closed","template":"","meta":{"site-sidebar-layout":"default","site-content-layout":"","ast-site-content-layout":"default","site-content-style":"default","site-sidebar-style":"default","ast-global-header-display":"","ast-banner-title-visibility":"","ast-main-header-display":"","ast-hfb-above-header-display":"","ast-hfb-below-header-display":"","ast-hfb-mobile-header-display":"","site-post-title":"","ast-breadcrumbs-content":"","ast-featured-img":"","footer-sml-layout":"","ast-disable-related-posts":"","theme-transparent-header-meta":"default","adv-header-id-meta":"","stick-header-meta":"","header-above-stick-meta":"","header-main-stick-meta":"","header-below-stick-meta":"","astra-migrate-meta-layouts":"set","ast-page-background-enabled":"default","ast-page-background-meta":{"desktop":{"background-color":"var(--ast-global-color-4)","background-image":"","background-repeat":"repeat","background-position":"center center","background-size":"auto","background-attachment":"scroll","background-type":"","background-media":"","overlay-type":"","overlay-color":"","overlay-opacity":"","overlay-gradient":""},"tablet":{"background-color":"","background-image":"","background-repeat":"repeat","background-position":"center center","background-size":"auto","background-attachment":"scroll","background-type":"","background-media":"","overlay-type":"","overlay-color":"","overlay-opacity":"","overlay-gradient":""},"mobile":{"background-color":"","background-image":"","background-repeat":"repeat","background-position":"center center","background-size":"auto","background-attachment":"scroll","background-type":"","background-media":"","overlay-type":"","overlay-color":"","overlay-opacity":"","overlay-gradient":""}},"ast-content-background-meta":{"desktop":{"background-color":"var(--ast-global-color-5)","background-image":"","background-repeat":"repeat","background-position":"center center","background-size":"auto","background-attachment":"scroll","background-type":"","background-media":"","overlay-type":"","overlay-color":"","overlay-opacity":"","overlay-gradient":""},"tablet":{"background-color":"var(--ast-global-color-5)","background-image":"","background-repeat":"repeat","background-position":"center center","background-size":"auto","background-attachment":"scroll","background-type":"","background-media":"","overlay-type":"","overlay-color":"","overlay-opacity":"","overlay-gradient":""},"mobile":{"background-color":"var(--ast-global-color-5)","background-image":"","background-repeat":"repeat","background-position":"center center","background-size":"auto","background-attachment":"scroll","background-type":"","background-media":"","overlay-type":"","overlay-color":"","overlay-opacity":"","overlay-gradient":""}}},"product_brand":[],"product_cat":[29,20],"product_tag":[],"class_list":{"0":"post-1624","1":"product","2":"type-product","3":"status-publish","4":"has-post-thumbnail","6":"product_cat-agujas","7":"product_cat-costura_variedades_isa","8":"desktop-align-left","9":"tablet-align-left","10":"mobile-align-left","12":"first","13":"instock","14":"shipping-taxable","15":"purchasable","16":"product-type-simple"},"_links":{"self":[{"href":"https:\/\/variedadesisa.shop\/index.php?rest_route=\/wp\/v2\/product\/1624","targetHints":{"allow":["GET"]}}],"collection":[{"href":"https:\/\/variedadesisa.shop\/index.php?rest_route=\/wp\/v2\/product"}],"about":[{"href":"https:\/\/variedadesisa.shop\/index.php?rest_route=\/wp\/v2\/types\/product"}],"replies":[{"embeddable":true,"href":"https:\/\/variedadesisa.shop\/index.php?rest_route=%2Fwp%2Fv2%2Fcomments&post=1624"}],"version-history":[{"count":1,"href":"https:\/\/variedadesisa.shop\/index.php?rest_route=\/wp\/v2\/product\/1624\/revisions"}],"predecessor-version":[{"id":1626,"href":"https:\/\/variedadesisa.shop\/index.php?rest_route=\/wp\/v2\/product\/1624\/revisions\/1626"}],"wp:featuredmedia":[{"embeddable":true,"href":"https:\/\/variedadesisa.shop\/index.php?rest_route=\/wp\/v2\/media\/1625"}],"wp:attachment":[{"href":"https:\/\/variedadesisa.shop\/index.php?rest_route=%2Fwp%2Fv2%2Fmedia&parent=1624"}],"wp:term":[{"taxonomy":"product_brand","embeddable":true,"href":"https:\/\/variedadesisa.shop\/index.php?rest_route=%2Fwp%2Fv2%2Fproduct_brand&post=1624"},{"taxonomy":"product_cat","embeddable":true,"href":"https:\/\/variedadesisa.shop\/index.php?rest_route=%2Fwp%2Fv2%2Fproduct_cat&post=1624"},{"taxonomy":"product_tag","embeddable":true,"href":"https:\/\/variedadesisa.shop\/index.php?rest_route=%2Fwp%2Fv2%2Fproduct_tag&post=1624"}],"curies":[{"name":"wp","href":"https:\/\/api.w.org\/{rel}","templated":true}]}}