{"id":1641,"date":"2024-11-30T17:25:39","date_gmt":"2024-11-30T23:25:39","guid":{"rendered":"https:\/\/variedadesisa.shop\/?post_type=product&#038;p=1641"},"modified":"2024-11-30T17:25:39","modified_gmt":"2024-11-30T23:25:39","slug":"agujas-para-crochet-2-puntas","status":"publish","type":"product","link":"https:\/\/variedadesisa.shop\/?product=agujas-para-crochet-2-puntas","title":{"rendered":"AGUJAS PARA CROCHET &#8211; 2 PUNTAS"},"content":{"rendered":"<p>Generalmente, contiene 2 ganchillos, uno para hilo o lanas gruesas y otro delgado, utilizando el que mejor se adecue a las necesidades para tejer.<\/p>\n<p>Vers\u00e1tiles y pr\u00e1cticas para proyectos \u00fanicos. Con un dise\u00f1o que incluye dos tama\u00f1os en una sola aguja, son ideales para trabajar con distintos tipos de hilos y t\u00e9cnicas de tejido. Su construcci\u00f3n resistente y c\u00f3moda facilita puntadas precisas. \u00a1Lleva tu creatividad al siguiente nivel con estas herramientas multifuncionales!&#8221;<\/p>\n","protected":false},"excerpt":{"rendered":"<p>Generalmente, contiene 2 ganchillos, uno para hilo o lanas gruesas y otro delgado, utilizando el que mejor se adecue a las necesidades para tejer. Vers\u00e1tiles y pr\u00e1cticas para proyectos \u00fanicos. Con un dise\u00f1o que incluye dos tama\u00f1os en una sola aguja, son ideales para trabajar con distintos tipos de hilos y t\u00e9cnicas de tejido. Su construcci\u00f3n resistente y c\u00f3moda facilita puntadas precisas. \u00a1Lleva tu creatividad al siguiente nivel con estas herramientas multifuncionales!&#8221;<\/p>\n","protected":false},"featured_media":1642,"comment_status":"open","ping_status":"closed","template":"","meta":{"site-sidebar-layout":"default","site-content-layout":"","ast-site-content-layout":"default","site-content-style":"default","site-sidebar-style":"default","ast-global-header-display":"","ast-banner-title-visibility":"","ast-main-header-display":"","ast-hfb-above-header-display":"","ast-hfb-below-header-display":"","ast-hfb-mobile-header-display":"","site-post-title":"","ast-breadcrumbs-content":"","ast-featured-img":"","footer-sml-layout":"","ast-disable-related-posts":"","theme-transparent-header-meta":"default","adv-header-id-meta":"","stick-header-meta":"","header-above-stick-meta":"","header-main-stick-meta":"","header-below-stick-meta":"","astra-migrate-meta-layouts":"set","ast-page-background-enabled":"default","ast-page-background-meta":{"desktop":{"background-color":"var(--ast-global-color-4)","background-image":"","background-repeat":"repeat","background-position":"center center","background-size":"auto","background-attachment":"scroll","background-type":"","background-media":"","overlay-type":"","overlay-color":"","overlay-opacity":"","overlay-gradient":""},"tablet":{"background-color":"","background-image":"","background-repeat":"repeat","background-position":"center center","background-size":"auto","background-attachment":"scroll","background-type":"","background-media":"","overlay-type":"","overlay-color":"","overlay-opacity":"","overlay-gradient":""},"mobile":{"background-color":"","background-image":"","background-repeat":"repeat","background-position":"center center","background-size":"auto","background-attachment":"scroll","background-type":"","background-media":"","overlay-type":"","overlay-color":"","overlay-opacity":"","overlay-gradient":""}},"ast-content-background-meta":{"desktop":{"background-color":"var(--ast-global-color-5)","background-image":"","background-repeat":"repeat","background-position":"center center","background-size":"auto","background-attachment":"scroll","background-type":"","background-media":"","overlay-type":"","overlay-color":"","overlay-opacity":"","overlay-gradient":""},"tablet":{"background-color":"var(--ast-global-color-5)","background-image":"","background-repeat":"repeat","background-position":"center center","background-size":"auto","background-attachment":"scroll","background-type":"","background-media":"","overlay-type":"","overlay-color":"","overlay-opacity":"","overlay-gradient":""},"mobile":{"background-color":"var(--ast-global-color-5)","background-image":"","background-repeat":"repeat","background-position":"center center","background-size":"auto","background-attachment":"scroll","background-type":"","background-media":"","overlay-type":"","overlay-color":"","overlay-opacity":"","overlay-gradient":""}}},"product_brand":[],"product_cat":[29,20],"product_tag":[],"class_list":{"0":"post-1641","1":"product","2":"type-product","3":"status-publish","4":"has-post-thumbnail","6":"product_cat-agujas","7":"product_cat-costura_variedades_isa","8":"desktop-align-left","9":"tablet-align-left","10":"mobile-align-left","12":"first","13":"instock","14":"shipping-taxable","15":"product-type-simple"},"_links":{"self":[{"href":"https:\/\/variedadesisa.shop\/index.php?rest_route=\/wp\/v2\/product\/1641","targetHints":{"allow":["GET"]}}],"collection":[{"href":"https:\/\/variedadesisa.shop\/index.php?rest_route=\/wp\/v2\/product"}],"about":[{"href":"https:\/\/variedadesisa.shop\/index.php?rest_route=\/wp\/v2\/types\/product"}],"replies":[{"embeddable":true,"href":"https:\/\/variedadesisa.shop\/index.php?rest_route=%2Fwp%2Fv2%2Fcomments&post=1641"}],"version-history":[{"count":1,"href":"https:\/\/variedadesisa.shop\/index.php?rest_route=\/wp\/v2\/product\/1641\/revisions"}],"predecessor-version":[{"id":1643,"href":"https:\/\/variedadesisa.shop\/index.php?rest_route=\/wp\/v2\/product\/1641\/revisions\/1643"}],"wp:featuredmedia":[{"embeddable":true,"href":"https:\/\/variedadesisa.shop\/index.php?rest_route=\/wp\/v2\/media\/1642"}],"wp:attachment":[{"href":"https:\/\/variedadesisa.shop\/index.php?rest_route=%2Fwp%2Fv2%2Fmedia&parent=1641"}],"wp:term":[{"taxonomy":"product_brand","embeddable":true,"href":"https:\/\/variedadesisa.shop\/index.php?rest_route=%2Fwp%2Fv2%2Fproduct_brand&post=1641"},{"taxonomy":"product_cat","embeddable":true,"href":"https:\/\/variedadesisa.shop\/index.php?rest_route=%2Fwp%2Fv2%2Fproduct_cat&post=1641"},{"taxonomy":"product_tag","embeddable":true,"href":"https:\/\/variedadesisa.shop\/index.php?rest_route=%2Fwp%2Fv2%2Fproduct_tag&post=1641"}],"curies":[{"name":"wp","href":"https:\/\/api.w.org\/{rel}","templated":true}]}}