{"id":435,"date":"2024-08-20T20:30:28","date_gmt":"2024-08-21T02:30:28","guid":{"rendered":"https:\/\/variedadesisa.shop\/?post_type=product&#038;p=435"},"modified":"2024-08-24T10:54:41","modified_gmt":"2024-08-24T16:54:41","slug":"lazos-para-boda","status":"publish","type":"product","link":"https:\/\/variedadesisa.shop\/?product=lazos-para-boda","title":{"rendered":"LAZOS PARA BODA"},"content":{"rendered":"<p>A\u00f1ade un toque de distintivo a tu gran d\u00eda con nuestros lazos de boda personalizados. Desde dise\u00f1os elegantes hasta detalles rom\u00e1nticos, nuestros lazos son el complemento perfecto para decorar tu ceremonia y recepci\u00f3n. Realza tu atuendo, adornos y arreglos con la belleza y el estilo de nuestros lazos, creando un ambiente que refleje tu amor y celebraci\u00f3n. \u00a1Haz que cada detalle cuente en tu boda!<\/p>\n","protected":false},"excerpt":{"rendered":"<p>A\u00f1ade un toque de distintivo a tu gran d\u00eda con nuestros lazos de boda personalizados. Desde dise\u00f1os elegantes hasta detalles rom\u00e1nticos, nuestros lazos son el complemento perfecto para decorar tu ceremonia y recepci\u00f3n. Realza tu atuendo, adornos y arreglos con la belleza y el estilo de nuestros lazos, creando un ambiente que refleje tu amor y celebraci\u00f3n. \u00a1Haz que cada detalle cuente en tu boda!<\/p>\n","protected":false},"featured_media":436,"comment_status":"open","ping_status":"closed","template":"","meta":{"site-sidebar-layout":"default","site-content-layout":"","ast-site-content-layout":"default","site-content-style":"default","site-sidebar-style":"default","ast-global-header-display":"","ast-banner-title-visibility":"","ast-main-header-display":"","ast-hfb-above-header-display":"","ast-hfb-below-header-display":"","ast-hfb-mobile-header-display":"","site-post-title":"","ast-breadcrumbs-content":"","ast-featured-img":"","footer-sml-layout":"","ast-disable-related-posts":"","theme-transparent-header-meta":"default","adv-header-id-meta":"","stick-header-meta":"","header-above-stick-meta":"","header-main-stick-meta":"","header-below-stick-meta":"","astra-migrate-meta-layouts":"set","ast-page-background-enabled":"default","ast-page-background-meta":{"desktop":{"background-color":"var(--ast-global-color-4)","background-image":"","background-repeat":"repeat","background-position":"center center","background-size":"auto","background-attachment":"scroll","background-type":"","background-media":"","overlay-type":"","overlay-color":"","overlay-opacity":"","overlay-gradient":""},"tablet":{"background-color":"","background-image":"","background-repeat":"repeat","background-position":"center center","background-size":"auto","background-attachment":"scroll","background-type":"","background-media":"","overlay-type":"","overlay-color":"","overlay-opacity":"","overlay-gradient":""},"mobile":{"background-color":"","background-image":"","background-repeat":"repeat","background-position":"center center","background-size":"auto","background-attachment":"scroll","background-type":"","background-media":"","overlay-type":"","overlay-color":"","overlay-opacity":"","overlay-gradient":""}},"ast-content-background-meta":{"desktop":{"background-color":"var(--ast-global-color-5)","background-image":"","background-repeat":"repeat","background-position":"center center","background-size":"auto","background-attachment":"scroll","background-type":"","background-media":"","overlay-type":"","overlay-color":"","overlay-opacity":"","overlay-gradient":""},"tablet":{"background-color":"var(--ast-global-color-5)","background-image":"","background-repeat":"repeat","background-position":"center center","background-size":"auto","background-attachment":"scroll","background-type":"","background-media":"","overlay-type":"","overlay-color":"","overlay-opacity":"","overlay-gradient":""},"mobile":{"background-color":"var(--ast-global-color-5)","background-image":"","background-repeat":"repeat","background-position":"center center","background-size":"auto","background-attachment":"scroll","background-type":"","background-media":"","overlay-type":"","overlay-color":"","overlay-opacity":"","overlay-gradient":""}}},"product_brand":[],"product_cat":[21],"product_tag":[],"class_list":{"0":"post-435","1":"product","2":"type-product","3":"status-publish","4":"has-post-thumbnail","6":"product_cat-manualidades_variedades_isa","7":"desktop-align-left","8":"tablet-align-left","9":"mobile-align-left","11":"first","12":"instock","13":"shipping-taxable","14":"purchasable","15":"product-type-simple"},"_links":{"self":[{"href":"https:\/\/variedadesisa.shop\/index.php?rest_route=\/wp\/v2\/product\/435","targetHints":{"allow":["GET"]}}],"collection":[{"href":"https:\/\/variedadesisa.shop\/index.php?rest_route=\/wp\/v2\/product"}],"about":[{"href":"https:\/\/variedadesisa.shop\/index.php?rest_route=\/wp\/v2\/types\/product"}],"replies":[{"embeddable":true,"href":"https:\/\/variedadesisa.shop\/index.php?rest_route=%2Fwp%2Fv2%2Fcomments&post=435"}],"version-history":[{"count":0,"href":"https:\/\/variedadesisa.shop\/index.php?rest_route=\/wp\/v2\/product\/435\/revisions"}],"wp:featuredmedia":[{"embeddable":true,"href":"https:\/\/variedadesisa.shop\/index.php?rest_route=\/wp\/v2\/media\/436"}],"wp:attachment":[{"href":"https:\/\/variedadesisa.shop\/index.php?rest_route=%2Fwp%2Fv2%2Fmedia&parent=435"}],"wp:term":[{"taxonomy":"product_brand","embeddable":true,"href":"https:\/\/variedadesisa.shop\/index.php?rest_route=%2Fwp%2Fv2%2Fproduct_brand&post=435"},{"taxonomy":"product_cat","embeddable":true,"href":"https:\/\/variedadesisa.shop\/index.php?rest_route=%2Fwp%2Fv2%2Fproduct_cat&post=435"},{"taxonomy":"product_tag","embeddable":true,"href":"https:\/\/variedadesisa.shop\/index.php?rest_route=%2Fwp%2Fv2%2Fproduct_tag&post=435"}],"curies":[{"name":"wp","href":"https:\/\/api.w.org\/{rel}","templated":true}]}}